{"id":12,"date":"2017-10-25T15:50:00","date_gmt":"2017-10-25T12:50:00","guid":{"rendered":"http:\/\/aktifcevre.com\/tr\/?page_id=12"},"modified":"2017-11-01T14:04:08","modified_gmt":"2017-11-01T12:04:08","slug":"cevresel-denetleme","status":"publish","type":"page","link":"https:\/\/aktifcevre.com\/tr\/cevresel-denetleme\/","title":{"rendered":"\u00c7evresel Denetleme"},"content":{"rendered":"<p><section class=\"kc-elm kc-css-369376 kc_row\"><div class=\"kc-row-container  kc-container\"><div class=\"kc-wrap-columns\"><div class=\"kc-elm kc-css-822515 kc_col-sm-12 kc_column kc_col-sm-12\"><div class=\"kc-col-container\"><div class=\"kc-elm kc-css-375999 kc_shortcode kc_single_image\">\n\n        <img decoding=\"async\" src=\"https:\/\/aktifcevre.com\/tr\/wp-content\/uploads\/2017\/10\/ced_cev.png\" class=\"\" alt=\"\" \/>    <\/div>\n<\/div><\/div><\/div><\/div><\/section><section class=\"kc-elm kc-css-938455 kc_row\"><div class=\"kc-row-container  kc-container\"><div class=\"kc-wrap-columns\"><div class=\"kc-elm kc-css-180101 kc_column kc_col-sm-12\"><div class=\"kc-col-container\"><div class=\"kc-elm kc-css-249699 kc_text_block\"><\/p>\n<p style=\"text-align: justify;\"><span style=\"color: #000000;\">AKT\u0130F \u00c7EVRE Uluslararas\u0131 \u00c7evre Yat\u0131r\u0131mlar\u0131 M\u00fchendislik ve Dan\u0131\u015fmanl\u0131k Ltd.\u015eti.,\u00a0teknoloji ve kalite a\u00e7\u0131s\u0131ndan sekt\u00f6r\u00fcnde lider bir kurulu\u015f olmay\u0131 hedefleyen m\u00fchendislik ve dan\u0131\u015fmanl\u0131k \u015firketidir.<\/span><\/p>\n<p style=\"text-align: justify;\"><span style=\"color: #000000;\">AKT\u0130F \u00c7EVRE kurulmas\u0131 planlanan projelerde et\u00fct \u00e7al\u0131\u015fmalar\u0131 yaparak yasal mevzuatlar kapsam\u0131nda gerekli izin, hibe ve te\u015fvik i\u015flemlerin al\u0131nmas\u0131nda\u00a0 \u00f6nc\u00fc bir firma olabilmek i\u00e7in b\u00fcy\u00fck bir \u00e7aba sarf etmektedir.\u00a0 Bu kapsamda;<\/span><\/p>\n<p style=\"text-align: justify;\"><span style=\"color: #000000;\">\u00c7ED Y\u00f6netmeli\u011fin EK-1 Listesinde yer alan faaliyetlerin \u00c7ED Olumlu Karar\u0131 verilen projelerle ilgili yat\u0131r\u0131m\u0131n ba\u015flang\u0131\u00e7 ve in\u015faat d\u00f6nemlerinde Nihai \u00c7ED Raporunda belirtilen taahh\u00fctlerin yerine getirilip getirilmedi\u011fini, yat\u0131r\u0131m\u0131n i\u015fletmeye ge\u00e7i\u015fine kadar olan s\u00fcre\u00e7te belirli periyotlarda proje sahas\u0131na gidilerek, izleme ve denetleme kontrol\u00fc yap\u0131lmas\u0131 gerekmektedir. Yap\u0131lan bu hizmetler faaliyetin ayn\u0131 zamanda \u00c7evresel Uyumla\u015ft\u0131rma \u00c7al\u0131\u015fmalar\u0131n\u0131 da kapsamaktad\u0131r. Haz\u0131rlanacak raporlar \u00c7evre ve \u015eehircilik Bakanl\u0131\u011f\u0131\u2019na d\u00fczenli olarak sunulacakt\u0131r. Faaliyet sahibinin in\u015faat \u00e7al\u0131\u015fmalar\u0131nda \u00e7evresel etkilerin minimize edilebilmesi i\u00e7in y\u00f6nlendirici g\u00f6rev \u00fcstlenece\u011fiz.<\/span><\/p>\n<p style=\"text-align: justify;\">\n<\/div><\/div><\/div><\/div><\/div><\/section><section class=\"kc-elm kc_row\"><div class=\"kc-row-container  kc-container\"><div class=\"kc-wrap-columns\"><div class=\"kc-elm kc-css-629041 kc_col-sm-12 kc_column kc_col-sm-12\"><div class=\"kc-col-container\"><div class=\"kc-elm kc_text_block\"><\/p>\n<p>\n<\/div><\/div><\/div><\/div><\/div><\/section><\/p>\n","protected":false},"excerpt":{"rendered":"","protected":false},"author":1,"featured_media":0,"parent":0,"menu_order":0,"comment_status":"closed","ping_status":"closed","template":"","meta":{"footnotes":""},"class_list":["post-12","page","type-page","status-publish","hentry","post"],"aioseo_notices":[],"_links":{"self":[{"href":"https:\/\/aktifcevre.com\/tr\/wp-json\/wp\/v2\/pages\/12","targetHints":{"allow":["GET"]}}],"collection":[{"href":"https:\/\/aktifcevre.com\/tr\/wp-json\/wp\/v2\/pages"}],"about":[{"href":"https:\/\/aktifcevre.com\/tr\/wp-json\/wp\/v2\/types\/page"}],"author":[{"embeddable":true,"href":"https:\/\/aktifcevre.com\/tr\/wp-json\/wp\/v2\/users\/1"}],"replies":[{"embeddable":true,"href":"https:\/\/aktifcevre.com\/tr\/wp-json\/wp\/v2\/comments?post=12"}],"version-history":[{"count":6,"href":"https:\/\/aktifcevre.com\/tr\/wp-json\/wp\/v2\/pages\/12\/revisions"}],"predecessor-version":[{"id":327,"href":"https:\/\/aktifcevre.com\/tr\/wp-json\/wp\/v2\/pages\/12\/revisions\/327"}],"wp:attachment":[{"href":"https:\/\/aktifcevre.com\/tr\/wp-json\/wp\/v2\/media?parent=12"}],"curies":[{"name":"wp","href":"https:\/\/api.w.org\/{rel}","templated":true}]}}