{"id":18,"date":"2017-10-25T15:52:25","date_gmt":"2017-10-25T12:52:25","guid":{"rendered":"http:\/\/aktifcevre.com\/tr\/?page_id=18"},"modified":"2018-01-02T15:53:55","modified_gmt":"2018-01-02T13:53:55","slug":"cevre-danismanligi","status":"publish","type":"page","link":"https:\/\/aktifcevre.com\/tr\/cevre-danismanligi\/","title":{"rendered":"\u00c7evre Dan\u0131\u015fmanl\u0131\u011f\u0131"},"content":{"rendered":"<section class=\"kc-elm kc-css-806169 kc_row\"><div class=\"kc-row-container  kc-container\"><div class=\"kc-wrap-columns\"><div class=\"kc-elm kc-css-628465 kc_col-sm-12 kc_column kc_col-sm-12\"><div class=\"kc-col-container\"><div class=\"kc-elm kc-css-217144 kc_shortcode kc_single_image\">\n\n        <img decoding=\"async\" src=\"https:\/\/aktifcevre.com\/tr\/wp-content\/uploads\/2017\/10\/ced_cevre_d.png\" class=\"\" alt=\"\" \/>    <\/div>\n<div class=\"kc-elm kc-css-575304 kc_text_block\"><\/p>\n<section class=\"kc-elm kc-css-2228319 kc_row\">\n<div class=\"kc-row-container kc-container\">\n<div class=\"kc-wrap-columns\">\n<div class=\"kc-elm kc-css-618365 kc_col-sm-12 kc_column kc_col-sm-12\">\n<div class=\"kc-col-container\">\n<div class=\"kc-elm kc-css-274138 kc_shortcode kc_single_image\">\n<p><span style=\"color: #000000;\">AKT\u0130F \u00c7EVRE Uluslararas\u0131 \u00c7evre Yat\u0131r\u0131mlar\u0131 M\u00fchendislik ve Dan\u0131\u015fmanl\u0131k Ltd.\u015eti.,\u00a0teknoloji ve kalite a\u00e7\u0131s\u0131ndan sekt\u00f6r\u00fcnde lider bir kurulu\u015f olmay\u0131 hedefleyen m\u00fchendislik ve dan\u0131\u015fmanl\u0131k \u015firketidir.<\/span><\/p>\n<\/div>\n<\/div>\n<\/div>\n<\/div>\n<\/div>\n<\/section>\n<section class=\"kc-elm kc-css-3782162 kc_row\">\n<div class=\"kc-row-container kc-container\">\n<div class=\"kc-wrap-columns\">\n<div class=\"kc-elm kc-css-1803747 kc_column kc_col-sm-12\">\n<div class=\"kc-col-container\">\n<div class=\"kc-elm kc-css-1023496 kc_text_block\">\n<p style=\"text-align: justify;\"><span style=\"color: #000000;\">AKT\u0130F \u00c7EVRE kurulmas\u0131 planlanan projelerde et\u00fct \u00e7al\u0131\u015fmalar\u0131 yaparak yasal mevzuatlar kapsam\u0131nda gerekli izin, hibe ve te\u015fvik i\u015flemlerin al\u0131nmas\u0131nda\u00a0 \u00f6nc\u00fc bir firma olabilmek i\u00e7in b\u00fcy\u00fck bir \u00e7aba sarf etmektedir.\u00a0 Bu kapsamda;<\/span><\/p>\n<p style=\"text-align: justify;\"><span style=\"color: #000000;\">Firmam\u0131z\u0131n \u00c7evre Dan\u0131\u015fmanl\u0131k Hizmetleri kapsam\u0131nda uzun y\u0131llard\u0131r yapm\u0131\u015f oldu\u011fu hizmeti y\u00fcr\u00fcrl\u00fckte bulunan \u00c7evre Kanununca Al\u0131nmas\u0131 Gereken \u0130zin ve Lisanslar Hakk\u0131nda Y\u00f6netmelik kapsam\u0131nda resmile\u015ftirilerek yap\u0131lmas\u0131 i\u015fidir. \u00c7evre Dan\u0131\u015fmanl\u0131k hizmetleri a\u015famas\u0131nda;<\/span><\/p>\n<ul>\n<li style=\"text-align: justify;\"><span style=\"color: #000000;\">Kapsam D\u0131\u015f\u0131 G\u00f6r\u00fc\u015f Yaz\u0131lar\u0131n\u0131n Al\u0131nmas\u0131<\/span><\/li>\n<li style=\"text-align: justify;\"><span style=\"color: #000000;\">\u00c7evre Mevzuatlar\u0131 Kapsam\u0131nda Uygunsuzluklar\u0131n Tespiti ve Raporlanmas\u0131<\/span><\/li>\n<li style=\"text-align: justify;\"><span style=\"color: #000000;\">\u0130l M\u00fcd\u00fcrl\u00fc\u011f\u00fc Uygunluk Yaz\u0131lar\u0131n\u0131n al\u0131nmas\u0131<\/span><\/li>\n<li style=\"text-align: justify;\"><span style=\"color: #000000;\">Ge\u00e7ici faaliyet belgesinin al\u0131nmas\u0131<\/span><\/li>\n<\/ul>\n<p style=\"text-align: justify;\"><span style=\"color: #000000;\">\u00a0\u00a0\u00a0\u00a0\u00a0 <strong>\u00c7evre \u0130zinlerinin Al\u0131nmas\u0131<\/strong><\/span><\/p>\n<ul>\n<li style=\"text-align: justify;\"><span style=\"color: #000000;\">Emisyon \u0130zni<\/span><\/li>\n<li style=\"text-align: justify;\"><span style=\"color: #000000;\">G\u00fcr\u00fclt\u00fc Kontrol\u00fc \u0130zni<\/span><\/li>\n<li style=\"text-align: justify;\"><span style=\"color: #000000;\">At\u0131k Su De\u015farj\u0131 \u0130zni<\/span><\/li>\n<li style=\"text-align: justify;\"><span style=\"color: #000000;\">Tehlikeli Madde At\u0131k Su De\u015farj\u0131 \u0130zni<\/span><\/li>\n<li style=\"text-align: justify;\"><span style=\"color: #000000;\">Derin Deniz De\u015farj\u0131 \u0130zni<\/span><\/li>\n<\/ul>\n<p style=\"text-align: justify;\"><span style=\"color: #000000;\">\u00a0\u00a0\u00a0\u00a0\u00a0 <strong>\u00c7evre Lisanlar\u0131n\u0131n Al\u0131nmas\u0131<\/strong><\/span><\/p>\n<ul>\n<li style=\"text-align: justify;\"><span style=\"color: #000000;\">Geri Kazan\u0131m Lisans\u0131<\/span><\/li>\n<li style=\"text-align: justify;\"><span style=\"color: #000000;\">Bertaraf Lisans\u0131<\/span><\/li>\n<li style=\"text-align: justify;\"><span style=\"color: #000000;\">Ara Depolama Lisans\u0131<\/span><\/li>\n<li style=\"text-align: justify;\"><span style=\"color: #000000;\">\u0130\u015fletme Lisans\u0131<\/span><\/li>\n<li style=\"text-align: justify;\"><span style=\"color: #000000;\">Ar\u0131nd\u0131rma Lisans\u0131<\/span><\/li>\n<li class=\"ListParagraph\" style=\"text-align: justify;\"><span style=\"color: #000000;\">Y\u0131ll\u0131k \u0130\u00e7 Tetkiklerin Yap\u0131lmas\u0131 ve Raporlanmas\u0131 \u00a0<\/span><\/li>\n<li class=\"ListParagraph\" style=\"text-align: justify;\"><span style=\"color: #000000;\">Tesislerin \u00e7al\u0131\u015fmas\u0131n\u0131n \u00c7evre Kanunu ve Bu Kanuna Dayan\u0131larak Y\u00fcr\u00fcrl\u00fc\u011fe Giren Y\u00f6netmeliklere Uygunlu\u011funun Kontrol\u00fc<\/span><\/li>\n<li class=\"ListParagraph\" style=\"text-align: justify;\"><span style=\"color: #000000;\">Y\u00fcr\u00fct\u00fclen \u00e7al\u0131\u015fmalar\u0131 d\u00fczenli aral\u0131klarla izlemek,\u00a0mevzuatlarda belirtilen y\u00fck\u00fcml\u00fcl\u00fcklerin yerine getirilip getirilmedi\u011fini tespit etmek ve raporlamak<\/span><\/li>\n<li class=\"ListParagraph\" style=\"text-align: justify;\"><span style=\"color: #000000;\">\u00c7evre Mevzuatlar\u0131Kapsam\u0131nda Tesis \u00c7al\u0131\u015fanlar\u0131na Bilgilendirici E\u011fitimlerin Verilmesi<\/span><\/li>\n<li class=\"ListParagraph\" style=\"text-align: justify;\"><span style=\"color: #000000;\">\u00c7evre Mevzuatlar\u0131 Kapsam\u0131nda Tesis \u00c7al\u0131\u015fanlar\u0131na \u00d6zendirici Faaliyetlerin D\u00fczenlenmesi<\/span><\/li>\n<li class=\"ListParagraph\" style=\"text-align: justify;\"><span style=\"color: #000000;\">Teknik Uygunluk Raporlar\u0131 Haz\u0131rlamak (At\u0131k Ya\u011f, Bitkisel At\u0131k Ya\u011f, \u00d6mr\u00fcn\u00fc Tamamlam\u0131\u015f Lastik, \u00d6mr\u00fcn\u00fc Tamamlam\u0131\u015f Ara\u00e7, PCB Ar\u0131nd\u0131rma vb.)<\/span><\/li>\n<\/ul>\n<\/div>\n<\/div>\n<\/div>\n<\/div>\n<\/div>\n<\/section>\n<p>\n<\/div><\/div><\/div><\/div><\/div><\/section>\n","protected":false},"excerpt":{"rendered":"","protected":false},"author":1,"featured_media":0,"parent":0,"menu_order":0,"comment_status":"closed","ping_status":"closed","template":"","meta":{"footnotes":""},"class_list":["post-18","page","type-page","status-publish","hentry","post"],"aioseo_notices":[],"_links":{"self":[{"href":"https:\/\/aktifcevre.com\/tr\/wp-json\/wp\/v2\/pages\/18","targetHints":{"allow":["GET"]}}],"collection":[{"href":"https:\/\/aktifcevre.com\/tr\/wp-json\/wp\/v2\/pages"}],"about":[{"href":"https:\/\/aktifcevre.com\/tr\/wp-json\/wp\/v2\/types\/page"}],"author":[{"embeddable":true,"href":"https:\/\/aktifcevre.com\/tr\/wp-json\/wp\/v2\/users\/1"}],"replies":[{"embeddable":true,"href":"https:\/\/aktifcevre.com\/tr\/wp-json\/wp\/v2\/comments?post=18"}],"version-history":[{"count":8,"href":"https:\/\/aktifcevre.com\/tr\/wp-json\/wp\/v2\/pages\/18\/revisions"}],"predecessor-version":[{"id":570,"href":"https:\/\/aktifcevre.com\/tr\/wp-json\/wp\/v2\/pages\/18\/revisions\/570"}],"wp:attachment":[{"href":"https:\/\/aktifcevre.com\/tr\/wp-json\/wp\/v2\/media?parent=18"}],"curies":[{"name":"wp","href":"https:\/\/api.w.org\/{rel}","templated":true}]}}