{"id":4,"date":"2017-10-25T15:48:11","date_gmt":"2017-10-25T12:48:11","guid":{"rendered":"http:\/\/aktifcevre.com\/tr\/?page_id=4"},"modified":"2017-10-27T18:31:58","modified_gmt":"2017-10-27T15:31:58","slug":"vizyonumuz","status":"publish","type":"page","link":"https:\/\/aktifcevre.com\/tr\/vizyonumuz\/","title":{"rendered":"Vizyonumuz"},"content":{"rendered":"<p><section class=\"kc-elm kc-css-343287 kc_row\"><div class=\"kc-row-container  kc-container\"><div class=\"kc-wrap-columns\"><div class=\"kc-elm kc-css-350842 kc_col-sm-6 kc_column kc_col-sm-6\"><div class=\"kc-col-container\">\n\n<div class=\"image_fadein_slider kc-elm kc-css-722547 \">\n\t\t<div data-delay=\"1200\" class=\"image_fadein\" data-images=\"114,115,116,117,118\">\n\t<img decoding=\"async\" src=\"https:\/\/aktifcevre.com\/tr\/wp-content\/uploads\/2017\/10\/v_11-400x400xc.png\" \/><img decoding=\"async\" src=\"https:\/\/aktifcevre.com\/tr\/wp-content\/uploads\/2017\/10\/v_21-400x400xc.png\" \/><img decoding=\"async\" src=\"https:\/\/aktifcevre.com\/tr\/wp-content\/uploads\/2017\/10\/v_31-400x400xc.png\" \/><img decoding=\"async\" src=\"https:\/\/aktifcevre.com\/tr\/wp-content\/uploads\/2017\/10\/v_41-400x400xc.png\" \/><img decoding=\"async\" src=\"https:\/\/aktifcevre.com\/tr\/wp-content\/uploads\/2017\/10\/v_51-400x400xc.png\" \/>\t<\/div>\n<\/div>\n<\/div><\/div><div class=\"kc-elm kc-css-811942 kc_col-sm-6 kc_column kc_col-sm-6\"><div class=\"kc-col-container\"><div class=\"kc-elm kc-css-607981 kc-animated kc-animate-eff-fadeInLeft kc_text_block\"><\/p>\n<p style=\"text-align: justify;\">\u00a0 \u00a0\u00a0<span style=\"color: #000000;\">Profesyonel, e\u011fitimli, \u00f6zg\u00fcven sahibi personellerimizle ve s\u00fcrekli olarak geli\u015fen teknolojiyi yak\u0131ndan takip ederek kullanan, bunun sonucunda kaliteli, verimli ve m\u00fc\u015fteri odakl\u0131 hizmetler sunmak, b\u00fcy\u00fcmenizi s\u00fcrd\u00fcr\u00fcrken sizin i\u015flerinizde kar\u015f\u0131n\u0131za \u00e7\u0131kabilecek olumsuzluklar\u0131 \u00f6nceden bilgilendirerek gerekli \u00f6nlemlerin al\u0131nmas\u0131n\u0131 sa\u011flamak bu olumsuzluklar\u0131 ortadan kald\u0131rmak, b\u00f6ylelikle m\u00fc\u015fterilerimizin ilk tercihi olmakt\u0131r.<\/span><\/p>\n<p>\n<\/div>\n<div class=\"kc-elm kc-css-756232 kc-animated kc-animate-eff-bounceIn kc-pro-button kc-button-7\">\n\t<a href=\"http:\/\/aktifcevre.com\/tr\/misyonumuz\">\n\t\t<span class=\"creative_title\">M\u0130SYON<\/span>\t<\/a>\n<\/div>\n<\/div><\/div><\/div><\/div><\/section><section class=\"kc-elm kc-css-114150 kc_row\"><div class=\"kc-row-container  kc-container\"><div class=\"kc-wrap-columns\"><div class=\"kc-elm kc-css-326539 kc_col-sm-12 kc_column kc_col-sm-12\"><div class=\"kc-col-container\"><\/div><\/div><\/div><\/div><\/section><\/p>\n","protected":false},"excerpt":{"rendered":"","protected":false},"author":1,"featured_media":0,"parent":0,"menu_order":0,"comment_status":"open","ping_status":"closed","template":"home-panels.php","meta":{"footnotes":""},"class_list":["post-4","page","type-page","status-publish","hentry","post"],"aioseo_notices":[],"_links":{"self":[{"href":"https:\/\/aktifcevre.com\/tr\/wp-json\/wp\/v2\/pages\/4","targetHints":{"allow":["GET"]}}],"collection":[{"href":"https:\/\/aktifcevre.com\/tr\/wp-json\/wp\/v2\/pages"}],"about":[{"href":"https:\/\/aktifcevre.com\/tr\/wp-json\/wp\/v2\/types\/page"}],"author":[{"embeddable":true,"href":"https:\/\/aktifcevre.com\/tr\/wp-json\/wp\/v2\/users\/1"}],"replies":[{"embeddable":true,"href":"https:\/\/aktifcevre.com\/tr\/wp-json\/wp\/v2\/comments?post=4"}],"version-history":[{"count":12,"href":"https:\/\/aktifcevre.com\/tr\/wp-json\/wp\/v2\/pages\/4\/revisions"}],"predecessor-version":[{"id":131,"href":"https:\/\/aktifcevre.com\/tr\/wp-json\/wp\/v2\/pages\/4\/revisions\/131"}],"wp:attachment":[{"href":"https:\/\/aktifcevre.com\/tr\/wp-json\/wp\/v2\/media?parent=4"}],"curies":[{"name":"wp","href":"https:\/\/api.w.org\/{rel}","templated":true}]}}