{"id":6,"date":"2017-10-25T15:48:33","date_gmt":"2017-10-25T12:48:33","guid":{"rendered":"http:\/\/aktifcevre.com\/tr\/?page_id=6"},"modified":"2017-10-27T18:31:16","modified_gmt":"2017-10-27T15:31:16","slug":"misyonumuz","status":"publish","type":"page","link":"https:\/\/aktifcevre.com\/tr\/misyonumuz\/","title":{"rendered":"Misyonumuz"},"content":{"rendered":"<p><section class=\"kc-elm kc-css-448102 kc_row\"><div class=\"kc-row-container  kc-container\"><div class=\"kc-wrap-columns\"><div class=\"kc-elm kc-css-941813 kc_col-sm-6 kc_column kc_col-sm-6\"><div class=\"kc-col-container\">\n\n<div class=\"image_fadein_slider kc-elm kc-css-314474 \">\n\t\t<div data-delay=\"1200\" class=\"image_fadein\" data-images=\"114,115,116,120,121\">\n\t<img decoding=\"async\" src=\"https:\/\/aktifcevre.com\/tr\/wp-content\/uploads\/2017\/10\/v_11-400x400xc.png\" \/><img decoding=\"async\" src=\"https:\/\/aktifcevre.com\/tr\/wp-content\/uploads\/2017\/10\/v_21-400x400xc.png\" \/><img decoding=\"async\" src=\"https:\/\/aktifcevre.com\/tr\/wp-content\/uploads\/2017\/10\/v_31-400x400xc.png\" \/><img decoding=\"async\" src=\"https:\/\/aktifcevre.com\/tr\/wp-content\/uploads\/2017\/10\/m_1-400x400xc.png\" \/><img decoding=\"async\" src=\"https:\/\/aktifcevre.com\/tr\/wp-content\/uploads\/2017\/10\/m_2-400x400xc.png\" \/>\t<\/div>\n<\/div>\n<\/div><\/div><div class=\"kc-elm kc-css-792458 kc_col-sm-6 kc_column kc_col-sm-6\"><div class=\"kc-col-container\"><div class=\"kc-elm kc-css-842018 kc_text_block\"><\/p>\n<p><span style=\"color: #000000;\">\u00a0 \u00a0 \u00a0 \u00a0<\/span><span style=\"color: #000000;\">Kanunlara, y\u00f6netmeliklere ve ticari ahlaka uygun davranarak i\u015fi en k\u0131sa zamanda do\u011fru ve hatas\u0131z olarak yapabilmek; \u00e7a\u011fda\u015f, kaliteli ve sa\u011fl\u0131kl\u0131 bir hizmet anlay\u0131\u015f\u0131 ile g\u00fcven \u00e7er\u00e7evesinde m\u00fc\u015fterilerimizin sadakatini kazanmak; b\u00f6ylece \u015firket profilini y\u00fckseltmek ve T\u00fcrkiye de kurumsal, \u00f6rnek g\u00f6sterilen bir \u015firket olmak.<\/span><\/p>\n<p>\n<\/div>\n<div class=\"kc-elm kc-css-503864 kc-pro-button kc-button-7\">\n\t<a href=\"http:\/\/aktifcevre.com\/tr\/kalite-politikamiz\">\n\t\t<span class=\"creative_title\">KAL\u0130TE POL\u0130T\u0130KAMIZ<\/span>\t<\/a>\n<\/div>\n<\/div><\/div><\/div><\/div><\/section><section class=\"kc-elm kc-css-423790 kc_row\"><div class=\"kc-row-container  kc-container\"><div class=\"kc-wrap-columns\"><div class=\"kc-elm kc-css-427977 kc_col-sm-12 kc_column kc_col-sm-12\"><div class=\"kc-col-container\"><\/div><\/div><\/div><\/div><\/section><\/p>\n","protected":false},"excerpt":{"rendered":"","protected":false},"author":1,"featured_media":0,"parent":0,"menu_order":0,"comment_status":"closed","ping_status":"closed","template":"","meta":{"footnotes":""},"class_list":["post-6","page","type-page","status-publish","hentry","post"],"aioseo_notices":[],"_links":{"self":[{"href":"https:\/\/aktifcevre.com\/tr\/wp-json\/wp\/v2\/pages\/6","targetHints":{"allow":["GET"]}}],"collection":[{"href":"https:\/\/aktifcevre.com\/tr\/wp-json\/wp\/v2\/pages"}],"about":[{"href":"https:\/\/aktifcevre.com\/tr\/wp-json\/wp\/v2\/types\/page"}],"author":[{"embeddable":true,"href":"https:\/\/aktifcevre.com\/tr\/wp-json\/wp\/v2\/users\/1"}],"replies":[{"embeddable":true,"href":"https:\/\/aktifcevre.com\/tr\/wp-json\/wp\/v2\/comments?post=6"}],"version-history":[{"count":4,"href":"https:\/\/aktifcevre.com\/tr\/wp-json\/wp\/v2\/pages\/6\/revisions"}],"predecessor-version":[{"id":130,"href":"https:\/\/aktifcevre.com\/tr\/wp-json\/wp\/v2\/pages\/6\/revisions\/130"}],"wp:attachment":[{"href":"https:\/\/aktifcevre.com\/tr\/wp-json\/wp\/v2\/media?parent=6"}],"curies":[{"name":"wp","href":"https:\/\/api.w.org\/{rel}","templated":true}]}}