{"id":8,"date":"2017-10-25T15:48:56","date_gmt":"2017-10-25T12:48:56","guid":{"rendered":"http:\/\/aktifcevre.com\/tr\/?page_id=8"},"modified":"2017-10-27T18:30:28","modified_gmt":"2017-10-27T15:30:28","slug":"kalite-politikamiz","status":"publish","type":"page","link":"https:\/\/aktifcevre.com\/tr\/kalite-politikamiz\/","title":{"rendered":"Kalite Politikam\u0131z"},"content":{"rendered":"<p><section class=\"kc-elm kc-css-932993 kc_row\"><div class=\"kc-row-container  kc-container\"><div class=\"kc-wrap-columns\"><div class=\"kc-elm kc-css-699077 kc_col-sm-4 kc_column kc_col-sm-4\"><div class=\"kc-col-container\"><\/div><\/div><div class=\"kc-elm kc-css-238277 kc_col-sm-4 kc_column kc_col-sm-4\"><div class=\"kc-col-container\">\n\n<div class=\"image_fadein_slider kc-elm kc-css-400151 \">\n\t\t<div data-delay=\"1200\" class=\"image_fadein\" data-images=\"114,115,116,127,128\">\n\t<img decoding=\"async\" src=\"https:\/\/aktifcevre.com\/tr\/wp-content\/uploads\/2017\/10\/v_11-600x600xc.png\" \/><img decoding=\"async\" src=\"https:\/\/aktifcevre.com\/tr\/wp-content\/uploads\/2017\/10\/v_21-600x600xc.png\" \/><img decoding=\"async\" src=\"https:\/\/aktifcevre.com\/tr\/wp-content\/uploads\/2017\/10\/v_31-600x600xc.png\" \/><img decoding=\"async\" src=\"https:\/\/aktifcevre.com\/tr\/wp-content\/uploads\/2017\/10\/k_1-600x600xc.png\" \/><img decoding=\"async\" src=\"https:\/\/aktifcevre.com\/tr\/wp-content\/uploads\/2017\/10\/k_2-600x600xc.png\" \/>\t<\/div>\n<\/div>\n<\/div><\/div><div class=\"kc-elm kc-css-772707 kc_col-sm-4 kc_column kc_col-sm-4\"><div class=\"kc-col-container\"><\/div><\/div><\/div><\/div><\/section><section class=\"kc-elm kc_row\"><div class=\"kc-row-container  kc-container\"><div class=\"kc-wrap-columns\"><div class=\"kc-elm kc_column kc_col-sm-12\"><div class=\"kc-col-container\"><div class=\"kc-elm kc-css-805629 kc_text_block\"><\/p>\n<p style=\"text-align: justify;\"><span style=\"color: #000000;\">Firmam\u0131z\u0131n kalite politikas\u0131; m\u00fc\u015fteri memnuniyeti, teknoloji takibi, e\u011fitim ve tak\u0131m ruhu, s\u00fcrekli geli\u015fim, etik ve \u00e7evre duyarl\u0131l\u0131\u011f\u0131 \u00fczerine kurulmu\u015ftur. Firmam\u0131z bu kalite anlay\u0131\u015f\u0131n\u0131 her t\u00fcrl\u00fc proje ve dan\u0131\u015fmanl\u0131k \u00e7al\u0131\u015fmalar\u0131nda \u00f6zenle ve s\u00fcrekli olarak uygulamaktad\u0131r.<\/span><\/p>\n<p style=\"text-align: justify;\"><span style=\"color: #000000;\">* Ko\u015fulsuz m\u00fc\u015fteri memnuniyeti ve beklentilerini sa\u011flamay\u0131,<\/span><\/p>\n<p style=\"text-align: justify;\"><span style=\"color: #000000;\">* Zaman\u0131nda ve do\u011fru hizmet \u00fcretmeyi,<\/span><\/p>\n<p style=\"text-align: justify;\"><span style=\"color: #000000;\">* T\u00fcm kademe ve birimlerimizde g\u00fcncel kalite standartlar\u0131n\u0131 uygulamay\u0131,<\/span><\/p>\n<p style=\"text-align: justify;\"><span style=\"color: #000000;\">* Her kademede tavizsiz firma i\u00e7i e\u011fitim politikas\u0131 y\u00fcr\u00fctmeyi,<\/span><\/p>\n<p style=\"text-align: justify;\"><span style=\"color: #000000;\">* Tam motivasyon ile ekip \u00e7al\u0131\u015fmas\u0131n\u0131 ger\u00e7ekle\u015ftirmeyi, ekip ruhunu yayg\u0131nla\u015ft\u0131rmay\u0131,<\/span><\/p>\n<p style=\"text-align: justify;\"><span style=\"color: #000000;\">* M\u00fc\u015fteri ba\u011fl\u0131l\u0131\u011f\u0131 yaratmay\u0131,<\/span><\/p>\n<p style=\"text-align: justify;\"><span style=\"color: #000000;\">* S\u00fcrekli ara\u015ft\u0131rma, geli\u015ftirme ve iyile\u015ftirmeye y\u00f6nelik \u00e7al\u0131\u015fmalar yapmay\u0131,<\/span><\/p>\n<p style=\"text-align: justify;\"><span style=\"color: #000000;\">* Faaliyetlerimizle ilgili ulusal ve uluslararas\u0131 \u00e7evrenin, do\u011fan\u0131n, biyo \u00e7e\u015fitlili\u011fin ve tabiat varl\u0131klar\u0131m\u0131z\u0131n korunmas\u0131 ve bunlar\u0131n gelecek ku\u015faklara uygun bir standart getirerek Avrupa Birli\u011fi \u00e7er\u00e7evesinde uyum sa\u011flamay\u0131, taahh\u00fct ediyoruz.<\/span><\/p>\n<p style=\"text-align: justify;\"><span style=\"color: #000000;\">* S\u00fcrd\u00fcr\u00fclebilir Kalk\u0131nman\u0131n en \u00f6nemli ara\u00e7lar\u0131ndan biri olan \u00c7evresel Etki De\u011ferlendirmesi (\u00c7ED), yap\u0131lacak olan yat\u0131r\u0131mlar\u0131n etkilerinin tespiti ile \u00e7evre de\u011ferlernin korumak, ekonomik kay\u0131plar\u0131 \u00f6nlemek ve halk\u0131n daha sa\u011fl\u0131kl\u0131 bir \u00e7evrede ya\u015famas\u0131n\u0131 sa\u011flamak hedeflerimizdir.<\/span><\/p>\n<p>\n<\/div>\n<div class=\"kc-elm kc-css-250729 kc-pro-button kc-button-7\">\n\t<a href=\"http:\/\/aktifcevre.com\/tr\/vizyonumuz\">\n\t\t<span class=\"creative_title\">V\u0130ZYON<\/span>\t<\/a>\n<\/div>\n<\/div><\/div><\/div><\/div><\/section><section class=\"kc-elm kc-css-413673 kc_row\"><div class=\"kc-row-container  kc-container\"><div class=\"kc-wrap-columns\"><div class=\"kc-elm kc-css-803688 kc_col-sm-12 kc_column kc_col-sm-12\"><div class=\"kc-col-container\"><\/div><\/div><\/div><\/div><\/section><section class=\"kc-elm kc_row\"><div class=\"kc-row-container  kc-container\"><div class=\"kc-wrap-columns\"><div class=\"kc-elm kc-css-861129 kc_col-sm-12 kc_column kc_col-sm-12\"><div class=\"kc-col-container\"><\/div><\/div><\/div><\/div><\/section><\/p>\n","protected":false},"excerpt":{"rendered":"","protected":false},"author":1,"featured_media":0,"parent":0,"menu_order":0,"comment_status":"closed","ping_status":"closed","template":"","meta":{"footnotes":""},"class_list":["post-8","page","type-page","status-publish","hentry","post"],"aioseo_notices":[],"_links":{"self":[{"href":"https:\/\/aktifcevre.com\/tr\/wp-json\/wp\/v2\/pages\/8","targetHints":{"allow":["GET"]}}],"collection":[{"href":"https:\/\/aktifcevre.com\/tr\/wp-json\/wp\/v2\/pages"}],"about":[{"href":"https:\/\/aktifcevre.com\/tr\/wp-json\/wp\/v2\/types\/page"}],"author":[{"embeddable":true,"href":"https:\/\/aktifcevre.com\/tr\/wp-json\/wp\/v2\/users\/1"}],"replies":[{"embeddable":true,"href":"https:\/\/aktifcevre.com\/tr\/wp-json\/wp\/v2\/comments?post=8"}],"version-history":[{"count":3,"href":"https:\/\/aktifcevre.com\/tr\/wp-json\/wp\/v2\/pages\/8\/revisions"}],"predecessor-version":[{"id":129,"href":"https:\/\/aktifcevre.com\/tr\/wp-json\/wp\/v2\/pages\/8\/revisions\/129"}],"wp:attachment":[{"href":"https:\/\/aktifcevre.com\/tr\/wp-json\/wp\/v2\/media?parent=8"}],"curies":[{"name":"wp","href":"https:\/\/api.w.org\/{rel}","templated":true}]}}